{"id":24,"date":"2026-02-15T03:24:08","date_gmt":"2026-02-15T02:24:08","guid":{"rendered":"https:\/\/miseopoint.net\/TEST\/?page_id=24"},"modified":"2026-03-03T02:18:35","modified_gmt":"2026-03-03T01:18:35","slug":"contact","status":"publish","type":"page","link":"https:\/\/www.miseopoint.net\/en\/contact\/","title":{"rendered":"Contact"},"content":{"rendered":"\t\t<div data-elementor-type=\"wp-page\" data-elementor-id=\"24\" class=\"elementor elementor-24\" data-elementor-post-type=\"page\">\n\t\t\t\t<div class=\"elementor-element elementor-element-2df9f2d e-flex e-con-boxed e-con e-parent\" data-id=\"2df9f2d\" data-element_type=\"container\" data-e-type=\"container\" data-settings=\"{&quot;background_background&quot;:&quot;classic&quot;}\">\n\t\t\t\t\t<div class=\"e-con-inner\">\n\t\t\t\t<div class=\"elementor-element elementor-element-37c17f3 elementor-widget elementor-widget-heading\" data-id=\"37c17f3\" data-element_type=\"widget\" data-e-type=\"widget\" data-widget_type=\"heading.default\">\n\t\t\t\t\t<h2 class=\"elementor-heading-title elementor-size-default\">Contact<\/h2>\t\t\t\t<\/div>\n\t\t\t\t<div class=\"elementor-element elementor-element-3c45727 elementor-widget elementor-widget-text-editor\" data-id=\"3c45727\" data-element_type=\"widget\" data-e-type=\"widget\" data-widget_type=\"text-editor.default\">\n\t\t\t\t\t\t\t\t\t<p><a href=\"https:\/\/www.miseopoint.net\/\">Accueil<\/a> &#8211; Contact\u00a0<\/p>\t\t\t\t\t\t\t\t<\/div>\n\t\t\t\t\t<\/div>\n\t\t\t\t<\/div>\n\t\t<div class=\"elementor-element elementor-element-7f43625 e-flex e-con-boxed e-con e-parent\" data-id=\"7f43625\" data-element_type=\"container\" data-e-type=\"container\">\n\t\t\t\t\t<div class=\"e-con-inner\">\n\t\t<div class=\"elementor-element elementor-element-c3e875f e-con-full e-flex e-con e-child\" data-id=\"c3e875f\" data-element_type=\"container\" data-e-type=\"container\">\n\t\t<div class=\"elementor-element elementor-element-379d002 e-con-full e-flex e-con e-child\" data-id=\"379d002\" data-element_type=\"container\" data-e-type=\"container\" data-settings=\"{&quot;background_background&quot;:&quot;classic&quot;}\">\n\t\t\t\t<\/div>\n\t\t<div class=\"elementor-element elementor-element-54baefc e-con-full e-flex e-con e-child\" data-id=\"54baefc\" data-element_type=\"container\" data-e-type=\"container\">\n\t\t\t\t<div class=\"elementor-element elementor-element-8097652 elementor-invisible elementor-widget elementor-widget-heading\" data-id=\"8097652\" data-element_type=\"widget\" data-e-type=\"widget\" data-settings=\"{&quot;_animation&quot;:&quot;fadeInUp&quot;}\" data-widget_type=\"heading.default\">\n\t\t\t\t\t<h6 class=\"elementor-heading-title elementor-size-default\">Contactez nous<\/h6>\t\t\t\t<\/div>\n\t\t\t\t<div class=\"elementor-element elementor-element-1dd8887 elementor-widget__width-initial elementor-button-align-stretch elementor-widget elementor-widget-form\" data-id=\"1dd8887\" data-element_type=\"widget\" data-e-type=\"widget\" data-settings=\"{&quot;step_next_label&quot;:&quot;Suivant&quot;,&quot;step_previous_label&quot;:&quot;Pr\\u00e9c\\u00e9dent&quot;,&quot;button_width&quot;:&quot;100&quot;,&quot;step_type&quot;:&quot;number_text&quot;,&quot;step_icon_shape&quot;:&quot;circle&quot;}\" data-widget_type=\"form.default\">\n\t\t\t\t\t\t\t<form class=\"elementor-form\" method=\"post\" name=\"Formulaire de contact\" aria-label=\"Formulaire de contact\">\n\t\t\t<input type=\"hidden\" name=\"post_id\" value=\"24\"\/>\n\t\t\t<input type=\"hidden\" name=\"form_id\" value=\"1dd8887\"\/>\n\t\t\t<input type=\"hidden\" name=\"referer_title\" value=\"Contact - MiseOpoint\" \/>\n\n\t\t\t\t\t\t\t<input type=\"hidden\" name=\"queried_id\" value=\"24\"\/>\n\t\t\t\n\t\t\t<div class=\"elementor-form-fields-wrapper elementor-labels-above\">\n\t\t\t\t\t\t\t\t<div class=\"elementor-field-type-text elementor-field-group elementor-column elementor-field-group-name elementor-col-50 elementor-field-required elementor-mark-required\">\n\t\t\t\t\t\t\t\t\t\t\t\t<label for=\"form-field-name\" class=\"elementor-field-label\">\n\t\t\t\t\t\t\t\tNom\t\t\t\t\t\t\t<\/label>\n\t\t\t\t\t\t\t\t\t\t\t\t\t\t<input size=\"1\" type=\"text\" name=\"form_fields[name]\" id=\"form-field-name\" class=\"elementor-field elementor-size-sm  elementor-field-textual\" required=\"required\">\n\t\t\t\t\t\t\t\t\t\t\t<\/div>\n\t\t\t\t\t\t\t\t<div class=\"elementor-field-type-email elementor-field-group elementor-column elementor-field-group-email elementor-col-50 elementor-field-required elementor-mark-required\">\n\t\t\t\t\t\t\t\t\t\t\t\t<label for=\"form-field-email\" class=\"elementor-field-label\">\n\t\t\t\t\t\t\t\tE-mail\t\t\t\t\t\t\t<\/label>\n\t\t\t\t\t\t\t\t\t\t\t\t\t\t<input size=\"1\" type=\"email\" name=\"form_fields[email]\" id=\"form-field-email\" class=\"elementor-field elementor-size-sm  elementor-field-textual\" required=\"required\">\n\t\t\t\t\t\t\t\t\t\t\t<\/div>\n\t\t\t\t\t\t\t\t<div class=\"elementor-field-type-text elementor-field-group elementor-column elementor-field-group-field_9b104e3 elementor-col-50 elementor-field-required elementor-mark-required\">\n\t\t\t\t\t\t\t\t\t\t\t\t<label for=\"form-field-field_9b104e3\" class=\"elementor-field-label\">\n\t\t\t\t\t\t\t\tT\u00e9l\u00e9phone\t\t\t\t\t\t\t<\/label>\n\t\t\t\t\t\t\t\t\t\t\t\t\t\t<input size=\"1\" type=\"text\" name=\"form_fields[field_9b104e3]\" id=\"form-field-field_9b104e3\" class=\"elementor-field elementor-size-sm  elementor-field-textual\" required=\"required\">\n\t\t\t\t\t\t\t\t\t\t\t<\/div>\n\t\t\t\t\t\t\t\t<div class=\"elementor-field-type-text elementor-field-group elementor-column elementor-field-group-field_54e0388 elementor-col-50 elementor-field-required elementor-mark-required\">\n\t\t\t\t\t\t\t\t\t\t\t\t<label for=\"form-field-field_54e0388\" class=\"elementor-field-label\">\n\t\t\t\t\t\t\t\tObjet\t\t\t\t\t\t\t<\/label>\n\t\t\t\t\t\t\t\t\t\t\t\t\t\t<input size=\"1\" type=\"text\" name=\"form_fields[field_54e0388]\" id=\"form-field-field_54e0388\" class=\"elementor-field elementor-size-sm  elementor-field-textual\" required=\"required\">\n\t\t\t\t\t\t\t\t\t\t\t<\/div>\n\t\t\t\t\t\t\t\t<div class=\"elementor-field-type-textarea elementor-field-group elementor-column elementor-field-group-message elementor-col-100 elementor-field-required elementor-mark-required\">\n\t\t\t\t\t\t\t\t\t\t\t\t<label for=\"form-field-message\" class=\"elementor-field-label\">\n\t\t\t\t\t\t\t\tMessage\t\t\t\t\t\t\t<\/label>\n\t\t\t\t\t\t<textarea class=\"elementor-field-textual elementor-field  elementor-size-sm\" name=\"form_fields[message]\" id=\"form-field-message\" rows=\"4\" required=\"required\"><\/textarea>\t\t\t\t<\/div>\n\t\t\t\t\t\t\t\t<div class=\"elementor-field-type-recaptcha elementor-field-group elementor-column elementor-field-group-field_239ba8b elementor-col-100\">\n\t\t\t\t\t<div class=\"elementor-field\" id=\"form-field-field_239ba8b\"><div class=\"elementor-g-recaptcha\" data-sitekey=\"6Lfet3IsAAAAAIy4k8L9ocQQIAxX7msx3cFKEd9F\" data-type=\"v2_checkbox\" data-theme=\"light\" data-size=\"normal\"><\/div><\/div>\t\t\t\t<\/div>\n\t\t\t\t\t\t\t\t<div class=\"elementor-field-group elementor-column elementor-field-type-submit elementor-col-100 e-form__buttons\">\n\t\t\t\t\t<button class=\"elementor-button elementor-size-sm\" type=\"submit\">\n\t\t\t\t\t\t<span class=\"elementor-button-content-wrapper\">\n\t\t\t\t\t\t\t\t\t\t\t\t\t\t\t\t\t\t\t\t\t\t<span class=\"elementor-button-text\">Envoyer<\/span>\n\t\t\t\t\t\t\t\t\t\t\t\t\t<\/span>\n\t\t\t\t\t<\/button>\n\t\t\t\t<\/div>\n\t\t\t<\/div>\n\t\t<\/form>\n\t\t\t\t\t\t<\/div>\n\t\t\t\t<div class=\"elementor-element elementor-element-b2c4b52 elementor-widget elementor-widget-text-editor\" data-id=\"b2c4b52\" data-element_type=\"widget\" data-e-type=\"widget\" data-widget_type=\"text-editor.default\">\n\t\t\t\t\t\t\t\t\t<p>\u00c0 votre disposition pour mener \u00e0 bien votre projet.<\/p>\t\t\t\t\t\t\t\t<\/div>\n\t\t<div class=\"elementor-element elementor-element-9817d31 e-con-full e-flex e-con e-child\" data-id=\"9817d31\" data-element_type=\"container\" data-e-type=\"container\" data-settings=\"{&quot;background_background&quot;:&quot;classic&quot;}\">\n\t\t<div class=\"elementor-element elementor-element-1814cd0 e-con-full e-flex e-con e-child\" data-id=\"1814cd0\" data-element_type=\"container\" data-e-type=\"container\">\n\t\t\t\t<div class=\"elementor-element elementor-element-5869cca elementor-mobile-align-start elementor-icon-list--layout-traditional elementor-list-item-link-full_width elementor-widget elementor-widget-icon-list\" data-id=\"5869cca\" data-element_type=\"widget\" data-e-type=\"widget\" data-widget_type=\"icon-list.default\">\n\t\t\t\t\t\t\t<ul class=\"elementor-icon-list-items\">\n\t\t\t\t\t\t\t<li class=\"elementor-icon-list-item\">\n\t\t\t\t\t\t\t\t\t\t\t<span class=\"elementor-icon-list-icon\">\n\t\t\t\t\t\t\t<svg aria-hidden=\"true\" class=\"e-font-icon-svg e-fas-mobile-alt\" viewBox=\"0 0 320 512\" xmlns=\"http:\/\/www.w3.org\/2000\/svg\"><path d=\"M272 0H48C21.5 0 0 21.5 0 48v416c0 26.5 21.5 48 48 48h224c26.5 0 48-21.5 48-48V48c0-26.5-21.5-48-48-48zM160 480c-17.7 0-32-14.3-32-32s14.3-32 32-32 32 14.3 32 32-14.3 32-32 32zm112-108c0 6.6-5.4 12-12 12H60c-6.6 0-12-5.4-12-12V60c0-6.6 5.4-12 12-12h200c6.6 0 12 5.4 12 12v312z\"><\/path><\/svg>\t\t\t\t\t\t<\/span>\n\t\t\t\t\t\t\t\t\t\t<span class=\"elementor-icon-list-text\">(+687) 89.20.22<\/span>\n\t\t\t\t\t\t\t\t\t<\/li>\n\t\t\t\t\t\t\t\t<li class=\"elementor-icon-list-item\">\n\t\t\t\t\t\t\t\t\t\t\t<span class=\"elementor-icon-list-icon\">\n\t\t\t\t\t\t\t<svg aria-hidden=\"true\" class=\"e-font-icon-svg e-fas-map-marker-alt\" viewBox=\"0 0 384 512\" xmlns=\"http:\/\/www.w3.org\/2000\/svg\"><path d=\"M172.268 501.67C26.97 291.031 0 269.413 0 192 0 85.961 85.961 0 192 0s192 85.961 192 192c0 77.413-26.97 99.031-172.268 309.67-9.535 13.774-29.93 13.773-39.464 0zM192 272c44.183 0 80-35.817 80-80s-35.817-80-80-80-80 35.817-80 80 35.817 80 80 80z\"><\/path><\/svg>\t\t\t\t\t\t<\/span>\n\t\t\t\t\t\t\t\t\t\t<span class=\"elementor-icon-list-text\">BP 2598 98846 Noum\u00e9a Cedex<br>Nouvelle-Cal\u00e9donie<\/span>\n\t\t\t\t\t\t\t\t\t<\/li>\n\t\t\t\t\t\t<\/ul>\n\t\t\t\t\t\t<\/div>\n\t\t\t\t<\/div>\n\t\t\t\t<\/div>\n\t\t\t\t<\/div>\n\t\t\t\t<\/div>\n\t\t\t\t\t<\/div>\n\t\t\t\t<\/div>\n\t\t<div class=\"elementor-element elementor-element-594afad e-flex e-con-boxed e-con e-parent\" data-id=\"594afad\" data-element_type=\"container\" data-e-type=\"container\" data-settings=\"{&quot;background_background&quot;:&quot;classic&quot;}\">\n\t\t\t\t\t<div class=\"e-con-inner\">\n\t\t\t\t<div class=\"elementor-element elementor-element-c78d44e elementor-invisible elementor-widget elementor-widget-heading\" data-id=\"c78d44e\" data-element_type=\"widget\" data-e-type=\"widget\" data-settings=\"{&quot;_animation&quot;:&quot;fadeInUp&quot;}\" data-widget_type=\"heading.default\">\n\t\t\t\t\t<h6 class=\"elementor-heading-title elementor-size-default\"><span class=\"notranslate\">MISE O POINT<\/span><\/h6>\t\t\t\t<\/div>\n\t\t\t\t<div class=\"elementor-element elementor-element-36aaaf8 elementor-invisible elementor-widget elementor-widget-heading\" data-id=\"36aaaf8\" data-element_type=\"widget\" data-e-type=\"widget\" data-settings=\"{&quot;_animation&quot;:&quot;fadeInUp&quot;}\" data-widget_type=\"heading.default\">\n\t\t\t\t\t<h3 class=\"elementor-heading-title elementor-size-default\">Connectons ensemble votre projet<\/h3>\t\t\t\t<\/div>\n\t\t\t\t\t<\/div>\n\t\t\t\t<\/div>\n\t\t\t\t<\/div>\n\t\t","protected":false},"excerpt":{"rendered":"<p>Contact Accueil &#8211; Contact\u00a0 Contactez nous \u00c0 votre disposition pour mener \u00e0 bien votre projet. (+687) 89.20.22 BP 2598 98846 Noum\u00e9a CedexNouvelle-Cal\u00e9donie MISE O POINT Connectons ensemble votre projet<\/p>","protected":false},"author":2,"featured_media":0,"parent":0,"menu_order":0,"comment_status":"closed","ping_status":"closed","template":"elementor_header_footer","meta":{"footnotes":""},"class_list":["post-24","page","type-page","status-publish","hentry"],"yoast_head":"<!-- This site is optimized with the Yoast SEO plugin v27.4 - https:\/\/yoast.com\/product\/yoast-seo-wordpress\/ -->\n<title>Contact - MiseOpoint<\/title>\n<meta name=\"description\" content=\"Des Solutions qui Connectent vos Projets. Audiovisuel, Informatique et T\u00e9l\u00e9coms en Nouvelle Cal\u00e9donie, o\u00f9 nous sommes bas\u00e9s, dans le reste de l\u2019Oc\u00e9anie et m\u00eame au del\u00e0 du Pacifique.\" \/>\n<meta name=\"robots\" content=\"index, follow, max-snippet:-1, max-image-preview:large, max-video-preview:-1\" \/>\n<link rel=\"canonical\" href=\"https:\/\/www.miseopoint.net\/en\/contact\/\" \/>\n<meta property=\"og:locale\" content=\"en_US\" \/>\n<meta property=\"og:type\" content=\"article\" \/>\n<meta property=\"og:title\" content=\"Contact - MiseOpoint\" \/>\n<meta property=\"og:description\" content=\"Des Solutions qui Connectent vos Projets. Audiovisuel, Informatique et T\u00e9l\u00e9coms en Nouvelle Cal\u00e9donie, o\u00f9 nous sommes bas\u00e9s, dans le reste de l\u2019Oc\u00e9anie et m\u00eame au del\u00e0 du Pacifique.\" \/>\n<meta property=\"og:url\" content=\"https:\/\/www.miseopoint.net\/en\/contact\/\" \/>\n<meta property=\"og:site_name\" content=\"MiseOpoint\" \/>\n<meta property=\"article:modified_time\" content=\"2026-03-03T01:18:35+00:00\" \/>\n<meta name=\"twitter:card\" content=\"summary_large_image\" \/>\n<meta name=\"twitter:label1\" content=\"Est. reading time\" \/>\n\t<meta name=\"twitter:data1\" content=\"1 minute\" \/>\n<script type=\"application\/ld+json\" class=\"yoast-schema-graph\">{\"@context\":\"https:\\\/\\\/schema.org\",\"@graph\":[{\"@type\":\"WebPage\",\"@id\":\"https:\\\/\\\/www.miseopoint.net\\\/contact\\\/\",\"url\":\"https:\\\/\\\/www.miseopoint.net\\\/contact\\\/\",\"name\":\"Contact - MiseOpoint\",\"isPartOf\":{\"@id\":\"https:\\\/\\\/www.miseopoint.net\\\/#website\"},\"datePublished\":\"2026-02-15T02:24:08+00:00\",\"dateModified\":\"2026-03-03T01:18:35+00:00\",\"description\":\"Des Solutions qui Connectent vos Projets. Audiovisuel, Informatique et T\u00e9l\u00e9coms en Nouvelle Cal\u00e9donie, o\u00f9 nous sommes bas\u00e9s, dans le reste de l\u2019Oc\u00e9anie et m\u00eame au del\u00e0 du Pacifique.\",\"breadcrumb\":{\"@id\":\"https:\\\/\\\/www.miseopoint.net\\\/contact\\\/#breadcrumb\"},\"inLanguage\":\"en-US\",\"potentialAction\":[{\"@type\":\"ReadAction\",\"target\":[\"https:\\\/\\\/www.miseopoint.net\\\/contact\\\/\"]}]},{\"@type\":\"BreadcrumbList\",\"@id\":\"https:\\\/\\\/www.miseopoint.net\\\/contact\\\/#breadcrumb\",\"itemListElement\":[{\"@type\":\"ListItem\",\"position\":1,\"name\":\"Accueil\",\"item\":\"https:\\\/\\\/www.miseopoint.net\\\/\"},{\"@type\":\"ListItem\",\"position\":2,\"name\":\"Contact\"}]},{\"@type\":\"WebSite\",\"@id\":\"https:\\\/\\\/www.miseopoint.net\\\/#website\",\"url\":\"https:\\\/\\\/www.miseopoint.net\\\/\",\"name\":\"MiseOpoint\",\"description\":\"\",\"publisher\":{\"@id\":\"https:\\\/\\\/www.miseopoint.net\\\/#organization\"},\"potentialAction\":[{\"@type\":\"SearchAction\",\"target\":{\"@type\":\"EntryPoint\",\"urlTemplate\":\"https:\\\/\\\/www.miseopoint.net\\\/?s={search_term_string}\"},\"query-input\":{\"@type\":\"PropertyValueSpecification\",\"valueRequired\":true,\"valueName\":\"search_term_string\"}}],\"inLanguage\":\"en-US\"},{\"@type\":\"Organization\",\"@id\":\"https:\\\/\\\/www.miseopoint.net\\\/#organization\",\"name\":\"MiseOpoint\",\"url\":\"https:\\\/\\\/www.miseopoint.net\\\/\",\"logo\":{\"@type\":\"ImageObject\",\"inLanguage\":\"en-US\",\"@id\":\"https:\\\/\\\/www.miseopoint.net\\\/#\\\/schema\\\/logo\\\/image\\\/\",\"url\":\"https:\\\/\\\/www.miseopoint.net\\\/wp-content\\\/uploads\\\/2026\\\/02\\\/MiseOpointsimple.gif\",\"contentUrl\":\"https:\\\/\\\/www.miseopoint.net\\\/wp-content\\\/uploads\\\/2026\\\/02\\\/MiseOpointsimple.gif\",\"width\":807,\"height\":174,\"caption\":\"MiseOpoint\"},\"image\":{\"@id\":\"https:\\\/\\\/www.miseopoint.net\\\/#\\\/schema\\\/logo\\\/image\\\/\"}}]}<\/script>\n<!-- \/ Yoast SEO plugin. -->","yoast_head_json":{"title":"Contact - MiseOpoint","description":"Des Solutions qui Connectent vos Projets. Audiovisuel, Informatique et T\u00e9l\u00e9coms en Nouvelle Cal\u00e9donie, o\u00f9 nous sommes bas\u00e9s, dans le reste de l\u2019Oc\u00e9anie et m\u00eame au del\u00e0 du Pacifique.","robots":{"index":"index","follow":"follow","max-snippet":"max-snippet:-1","max-image-preview":"max-image-preview:large","max-video-preview":"max-video-preview:-1"},"canonical":"https:\/\/www.miseopoint.net\/en\/contact\/","og_locale":"en_US","og_type":"article","og_title":"Contact - MiseOpoint","og_description":"Des Solutions qui Connectent vos Projets. Audiovisuel, Informatique et T\u00e9l\u00e9coms en Nouvelle Cal\u00e9donie, o\u00f9 nous sommes bas\u00e9s, dans le reste de l\u2019Oc\u00e9anie et m\u00eame au del\u00e0 du Pacifique.","og_url":"https:\/\/www.miseopoint.net\/en\/contact\/","og_site_name":"MiseOpoint","article_modified_time":"2026-03-03T01:18:35+00:00","twitter_card":"summary_large_image","twitter_misc":{"Est. reading time":"1 minute"},"schema":{"@context":"https:\/\/schema.org","@graph":[{"@type":"WebPage","@id":"https:\/\/www.miseopoint.net\/contact\/","url":"https:\/\/www.miseopoint.net\/contact\/","name":"Contact - MiseOpoint","isPartOf":{"@id":"https:\/\/www.miseopoint.net\/#website"},"datePublished":"2026-02-15T02:24:08+00:00","dateModified":"2026-03-03T01:18:35+00:00","description":"Des Solutions qui Connectent vos Projets. Audiovisuel, Informatique et T\u00e9l\u00e9coms en Nouvelle Cal\u00e9donie, o\u00f9 nous sommes bas\u00e9s, dans le reste de l\u2019Oc\u00e9anie et m\u00eame au del\u00e0 du Pacifique.","breadcrumb":{"@id":"https:\/\/www.miseopoint.net\/contact\/#breadcrumb"},"inLanguage":"en-US","potentialAction":[{"@type":"ReadAction","target":["https:\/\/www.miseopoint.net\/contact\/"]}]},{"@type":"BreadcrumbList","@id":"https:\/\/www.miseopoint.net\/contact\/#breadcrumb","itemListElement":[{"@type":"ListItem","position":1,"name":"Accueil","item":"https:\/\/www.miseopoint.net\/"},{"@type":"ListItem","position":2,"name":"Contact"}]},{"@type":"WebSite","@id":"https:\/\/www.miseopoint.net\/#website","url":"https:\/\/www.miseopoint.net\/","name":"MiseOpoint","description":"","publisher":{"@id":"https:\/\/www.miseopoint.net\/#organization"},"potentialAction":[{"@type":"SearchAction","target":{"@type":"EntryPoint","urlTemplate":"https:\/\/www.miseopoint.net\/?s={search_term_string}"},"query-input":{"@type":"PropertyValueSpecification","valueRequired":true,"valueName":"search_term_string"}}],"inLanguage":"en-US"},{"@type":"Organization","@id":"https:\/\/www.miseopoint.net\/#organization","name":"MiseOpoint","url":"https:\/\/www.miseopoint.net\/","logo":{"@type":"ImageObject","inLanguage":"en-US","@id":"https:\/\/www.miseopoint.net\/#\/schema\/logo\/image\/","url":"https:\/\/www.miseopoint.net\/wp-content\/uploads\/2026\/02\/MiseOpointsimple.gif","contentUrl":"https:\/\/www.miseopoint.net\/wp-content\/uploads\/2026\/02\/MiseOpointsimple.gif","width":807,"height":174,"caption":"MiseOpoint"},"image":{"@id":"https:\/\/www.miseopoint.net\/#\/schema\/logo\/image\/"}}]}},"_links":{"self":[{"href":"https:\/\/www.miseopoint.net\/en\/wp-json\/wp\/v2\/pages\/24","targetHints":{"allow":["GET"]}}],"collection":[{"href":"https:\/\/www.miseopoint.net\/en\/wp-json\/wp\/v2\/pages"}],"about":[{"href":"https:\/\/www.miseopoint.net\/en\/wp-json\/wp\/v2\/types\/page"}],"author":[{"embeddable":true,"href":"https:\/\/www.miseopoint.net\/en\/wp-json\/wp\/v2\/users\/2"}],"replies":[{"embeddable":true,"href":"https:\/\/www.miseopoint.net\/en\/wp-json\/wp\/v2\/comments?post=24"}],"version-history":[{"count":25,"href":"https:\/\/www.miseopoint.net\/en\/wp-json\/wp\/v2\/pages\/24\/revisions"}],"predecessor-version":[{"id":422,"href":"https:\/\/www.miseopoint.net\/en\/wp-json\/wp\/v2\/pages\/24\/revisions\/422"}],"wp:attachment":[{"href":"https:\/\/www.miseopoint.net\/en\/wp-json\/wp\/v2\/media?parent=24"}],"curies":[{"name":"wp","href":"https:\/\/api.w.org\/{rel}","templated":true}]}}