{"id":22,"date":"2026-02-15T03:23:56","date_gmt":"2026-02-15T02:23:56","guid":{"rendered":"https:\/\/miseopoint.net\/TEST\/?page_id=22"},"modified":"2026-04-23T14:59:29","modified_gmt":"2026-04-23T12:59:29","slug":"references","status":"publish","type":"page","link":"https:\/\/www.miseopoint.net\/en\/references\/","title":{"rendered":"References"},"content":{"rendered":"<div data-elementor-type=\"wp-page\" data-elementor-id=\"22\" class=\"elementor elementor-22\" data-elementor-post-type=\"page\">\n\t\t\t\t<div class=\"elementor-element elementor-element-e70ad6d e-flex e-con-boxed e-con e-parent\" data-id=\"e70ad6d\" data-element_type=\"container\" data-e-type=\"container\" data-settings=\"{&quot;background_background&quot;:&quot;classic&quot;}\">\n\t\t\t\t\t<div class=\"e-con-inner\">\n\t\t\t\t<div class=\"elementor-element elementor-element-bc98faa elementor-widget elementor-widget-heading\" data-id=\"bc98faa\" data-element_type=\"widget\" data-e-type=\"widget\" data-widget_type=\"heading.default\">\n\t\t\t\t\t<h2 class=\"elementor-heading-title elementor-size-default\">References<\/h2>\t\t\t\t<\/div>\n\t\t\t\t<div class=\"elementor-element elementor-element-d74f6bf elementor-widget elementor-widget-text-editor\" data-id=\"d74f6bf\" data-element_type=\"widget\" data-e-type=\"widget\" data-widget_type=\"text-editor.default\">\n\t\t\t\t\t\t\t\t\t<p><a href=\"https:\/\/www.miseopoint.net\/en\/\">Home<\/a> &#8211; R\u00e9f\u00e9rences<\/p>\t\t\t\t\t\t\t\t<\/div>\n\t\t\t\t\t<\/div>\n\t\t\t\t<\/div>\n\t\t<div class=\"elementor-element elementor-element-1947912 e-flex e-con-boxed e-con e-parent\" data-id=\"1947912\" data-element_type=\"container\" data-e-type=\"container\">\n\t\t\t\t\t<div class=\"e-con-inner\">\n\t\t<div class=\"elementor-element elementor-element-1a25468 e-con-full e-flex e-con e-child\" data-id=\"1a25468\" data-element_type=\"container\" data-e-type=\"container\">\n\t\t\t\t<div class=\"elementor-element elementor-element-e6cd300 elementor-widget-mobile__width-initial elementor-widget elementor-widget-image\" data-id=\"e6cd300\" data-element_type=\"widget\" data-e-type=\"widget\" data-widget_type=\"image.default\">\n\t\t\t\t\t\t\t\t\t\t\t\t\t\t\t<img decoding=\"async\" width=\"200\" height=\"133\" src=\"https:\/\/www.miseopoint.net\/wp-content\/uploads\/2026\/02\/ABC.jpg\" class=\"attachment-full size-full wp-image-276\" alt=\"\" \/>\t\t\t\t\t\t\t\t\t\t\t\t\t\t\t<\/div>\n\t\t\t\t<div class=\"elementor-element elementor-element-8d21c08 elementor-widget-mobile__width-initial elementor-widget elementor-widget-image\" data-id=\"8d21c08\" data-element_type=\"widget\" data-e-type=\"widget\" data-widget_type=\"image.default\">\n\t\t\t\t\t\t\t\t\t\t\t\t\t\t\t<img decoding=\"async\" width=\"206\" height=\"146\" src=\"https:\/\/www.miseopoint.net\/wp-content\/uploads\/2026\/02\/VBTC_20sticker.png\" class=\"attachment-full size-full wp-image-277\" alt=\"\" \/>\t\t\t\t\t\t\t\t\t\t\t\t\t\t\t<\/div>\n\t\t\t\t<\/div>\n\t\t<div class=\"elementor-element elementor-element-7dea97d e-con-full e-flex e-con e-child\" data-id=\"7dea97d\" data-element_type=\"container\" data-e-type=\"container\">\n\t\t\t\t<div class=\"elementor-element elementor-element-3005758 elementor-invisible elementor-widget elementor-widget-heading\" data-id=\"3005758\" data-element_type=\"widget\" data-e-type=\"widget\" data-settings=\"{&quot;_animation&quot;:&quot;fadeInUp&quot;}\" data-widget_type=\"heading.default\">\n\t\t\t\t\t<h6 class=\"elementor-heading-title elementor-size-default\"><span class=\"notranslate\">MISE O POINT<\/span><\/h6>\t\t\t\t<\/div>\n\t\t\t\t<div class=\"elementor-element elementor-element-8f2cc1c elementor-widget elementor-widget-text-editor\" data-id=\"8f2cc1c\" data-element_type=\"widget\" data-e-type=\"widget\" data-widget_type=\"text-editor.default\">\n\t\t\t\t\t\t\t\t\t<p>Sur un projet de coop\u00e9ration financ\u00e9 par AusAID (Coop\u00e9ration australienne) et g\u00e9r\u00e9 par le d\u00e9partement international de la Radio T\u00e9l\u00e9vision publique Australienne,<br \/><br \/>ABC (Australian Broadcasting Corporation),\u00a0MiseOpoint\u00a0accompagne\u00a0 VBTC (Vanuatu Broadcasting and Television Corporation) pour le d\u00e9veloppement de son r\u00e9seau de transmission \u00e0 travers l&rsquo;archipel ainsi que pour l&rsquo;installation d&rsquo;un studio radio de secours.<\/p>\t\t\t\t\t\t\t\t<\/div>\n\t\t\t\t<\/div>\n\t\t\t\t\t<\/div>\n\t\t\t\t<\/div>\n\t\t<div class=\"elementor-element elementor-element-e4fe42d e-flex e-con-boxed e-con e-parent\" data-id=\"e4fe42d\" data-element_type=\"container\" data-e-type=\"container\">\n\t\t\t\t\t<div class=\"e-con-inner\">\n\t\t\t\t<div class=\"elementor-element elementor-element-1c42e4c elementor-widget-mobile__width-initial elementor-widget elementor-widget-image\" data-id=\"1c42e4c\" data-element_type=\"widget\" data-e-type=\"widget\" data-widget_type=\"image.default\">\n\t\t\t\t\t\t\t\t\t\t\t\t\t\t\t<img decoding=\"async\" width=\"271\" height=\"52\" src=\"https:\/\/www.miseopoint.net\/wp-content\/uploads\/2026\/02\/BNC.jpg\" class=\"attachment-full size-full wp-image-278\" alt=\"\" \/>\t\t\t\t\t\t\t\t\t\t\t\t\t\t\t<\/div>\n\t\t<div class=\"elementor-element elementor-element-288a1e0 e-con-full e-flex e-con e-child\" data-id=\"288a1e0\" data-element_type=\"container\" data-e-type=\"container\">\n\t\t\t\t<div class=\"elementor-element elementor-element-d73c1db elementor-invisible elementor-widget elementor-widget-heading\" data-id=\"d73c1db\" data-element_type=\"widget\" data-e-type=\"widget\" data-settings=\"{&quot;_animation&quot;:&quot;fadeInUp&quot;}\" data-widget_type=\"heading.default\">\n\t\t\t\t\t<h6 class=\"elementor-heading-title elementor-size-default\"><span class=\"notranslate\">MISE O POINT<\/span><\/h6>\t\t\t\t<\/div>\n\t\t\t\t<div class=\"elementor-element elementor-element-f401ae9 elementor-widget elementor-widget-text-editor\" data-id=\"f401ae9\" data-element_type=\"widget\" data-e-type=\"widget\" data-widget_type=\"text-editor.default\">\n\t\t\t\t\t\t\t\t\t<div align=\"justify\">MiseOpoint\u00a0au service de la BNC (Banque de Nouvelle Cal\u00e9donie):<\/div><div align=\"justify\">Apr\u00e8s la mise en place et l&rsquo;animation d&rsquo;un atelier vid\u00e9o de coh\u00e9sion et une conf\u00e9rence sur le management lors du s\u00e9minaire strat\u00e9gique des Managers en 2012, la BNC a confi\u00e9 \u00e0\u00a0MiseOpoint, en avril dernier, la production des films et la r\u00e9alisation technique de sa r\u00e9union pl\u00e9ni\u00e8re annuelle<\/div>\t\t\t\t\t\t\t\t<\/div>\n\t\t\t\t<\/div>\n\t\t\t\t\t<\/div>\n\t\t\t\t<\/div>\n\t\t<div class=\"elementor-element elementor-element-d13edf5 e-flex e-con-boxed e-con e-parent\" data-id=\"d13edf5\" data-element_type=\"container\" data-e-type=\"container\">\n\t\t\t\t\t<div class=\"e-con-inner\">\n\t\t<div class=\"elementor-element elementor-element-74f899c e-con-full e-flex e-con e-child\" data-id=\"74f899c\" data-element_type=\"container\" data-e-type=\"container\">\n\t\t\t\t<div class=\"elementor-element elementor-element-d048535 elementor-widget-mobile__width-initial elementor-widget elementor-widget-image\" data-id=\"d048535\" data-element_type=\"widget\" data-e-type=\"widget\" data-widget_type=\"image.default\">\n\t\t\t\t\t\t\t\t\t\t\t\t\t\t\t<img loading=\"lazy\" decoding=\"async\" width=\"118\" height=\"60\" src=\"https:\/\/www.miseopoint.net\/wp-content\/uploads\/2026\/02\/logo_LC2.jpg\" class=\"attachment-full size-full wp-image-279\" alt=\"\" \/>\t\t\t\t\t\t\t\t\t\t\t\t\t\t\t<\/div>\n\t\t\t\t<div class=\"elementor-element elementor-element-5992de0 elementor-widget-mobile__width-initial elementor-widget elementor-widget-image\" data-id=\"5992de0\" data-element_type=\"widget\" data-e-type=\"widget\" data-widget_type=\"image.default\">\n\t\t\t\t\t\t\t\t\t\t\t\t\t\t\t<img loading=\"lazy\" decoding=\"async\" width=\"103\" height=\"60\" src=\"https:\/\/www.miseopoint.net\/wp-content\/uploads\/2026\/02\/Afnex.jpg\" class=\"attachment-full size-full wp-image-280\" alt=\"\" \/>\t\t\t\t\t\t\t\t\t\t\t\t\t\t\t<\/div>\n\t\t\t\t<\/div>\n\t\t<div class=\"elementor-element elementor-element-2d72f43 e-con-full e-flex e-con e-child\" data-id=\"2d72f43\" data-element_type=\"container\" data-e-type=\"container\">\n\t\t\t\t<div class=\"elementor-element elementor-element-fc72065 elementor-invisible elementor-widget elementor-widget-heading\" data-id=\"fc72065\" data-element_type=\"widget\" data-e-type=\"widget\" data-settings=\"{&quot;_animation&quot;:&quot;fadeInUp&quot;}\" data-widget_type=\"heading.default\">\n\t\t\t\t\t<h6 class=\"elementor-heading-title elementor-size-default\"><span class=\"notranslate\">MISE O POINT<\/span><\/h6>\t\t\t\t<\/div>\n\t\t\t\t<div class=\"elementor-element elementor-element-db0be1d elementor-widget elementor-widget-text-editor\" data-id=\"db0be1d\" data-element_type=\"widget\" data-e-type=\"widget\" data-widget_type=\"text-editor.default\">\n\t\t\t\t\t\t\t\t\t<p>Comme en 2012,\u00a0MiseOpoint\u00a0assure la coordination des retransmissions de la CAN 2013 (Coupe d&rsquo;Afrique des Nations) pour le compte d&rsquo;AFNEX et LC2 International, d\u00e9tenteurs des droits pour l&rsquo;Afrique.<\/p>\t\t\t\t\t\t\t\t<\/div>\n\t\t\t\t<\/div>\n\t\t\t\t\t<\/div>\n\t\t\t\t<\/div>\n\t\t<div class=\"elementor-element elementor-element-1d484f6 e-flex e-con-boxed e-con e-parent\" data-id=\"1d484f6\" data-element_type=\"container\" data-e-type=\"container\" data-settings=\"{&quot;background_background&quot;:&quot;classic&quot;}\">\n\t\t\t\t\t<div class=\"e-con-inner\">\n\t\t\t\t<div class=\"elementor-element elementor-element-3cc1a80 elementor-invisible elementor-widget elementor-widget-heading\" data-id=\"3cc1a80\" data-element_type=\"widget\" data-e-type=\"widget\" data-settings=\"{&quot;_animation&quot;:&quot;fadeInUp&quot;}\" data-widget_type=\"heading.default\">\n\t\t\t\t\t<h6 class=\"elementor-heading-title elementor-size-default\"><span class=\"notranslate\">MISE O POINT<\/span><\/h6>\t\t\t\t<\/div>\n\t\t\t\t<div class=\"elementor-element elementor-element-ded34b7 elementor-invisible elementor-widget elementor-widget-heading\" data-id=\"ded34b7\" data-element_type=\"widget\" data-e-type=\"widget\" data-settings=\"{&quot;_animation&quot;:&quot;fadeInUp&quot;}\" data-widget_type=\"heading.default\">\n\t\t\t\t\t<h3 class=\"elementor-heading-title elementor-size-default\">Let\u2019s work together on your project<\/h3>\t\t\t\t<\/div>\n\t\t<div class=\"elementor-element elementor-element-cc1d5c2 e-con-full e-flex e-con e-child\" data-id=\"cc1d5c2\" data-element_type=\"container\" data-e-type=\"container\">\n\t\t\t\t<div class=\"elementor-element elementor-element-d6c3513 elementor-widget elementor-widget-button\" data-id=\"d6c3513\" data-element_type=\"widget\" data-e-type=\"widget\" data-widget_type=\"button.default\">\n\t\t\t\t\t\t\t\t\t\t<a class=\"elementor-button elementor-button-link elementor-size-sm elementor-animation-shrink\" href=\"https:\/\/www.miseopoint.net\/en\/contact\/\">\n\t\t\t\t\t\t<span class=\"elementor-button-content-wrapper\">\n\t\t\t\t\t\t\t\t\t<span class=\"elementor-button-text\">Contact Us<\/span>\n\t\t\t\t\t<\/span>\n\t\t\t\t\t<\/a>\n\t\t\t\t\t\t\t\t<\/div>\n\t\t\t\t<\/div>\n\t\t\t\t\t<\/div>\n\t\t\t\t<\/div>\n\t\t\t\t<\/div>","protected":false},"excerpt":{"rendered":"<p>R\u00e9f\u00e9rences Accueil &#8211; R\u00e9f\u00e9rences MISE O POINT Sur un projet de coop\u00e9ration financ\u00e9 par AusAID (Coop\u00e9ration australienne) et g\u00e9r\u00e9 par le d\u00e9partement international de la Radio T\u00e9l\u00e9vision publique Australienne, ABC (Australian Broadcasting Corporation),\u00a0MiseOpoint\u00a0accompagne\u00a0 VBTC (Vanuatu Broadcasting and Television Corporation) pour le d\u00e9veloppement de son r\u00e9seau de transmission \u00e0 travers l&rsquo;archipel ainsi que pour l&rsquo;installation d&rsquo;un [&hellip;]<\/p>\n","protected":false},"author":2,"featured_media":0,"parent":0,"menu_order":0,"comment_status":"closed","ping_status":"closed","template":"elementor_header_footer","meta":{"footnotes":""},"class_list":["post-22","page","type-page","status-publish","hentry"],"yoast_head":"<!-- This site is optimized with the Yoast SEO plugin v27.4 - https:\/\/yoast.com\/product\/yoast-seo-wordpress\/ -->\n<title>R\u00e9f\u00e9rences - MiseOpoint<\/title>\n<meta name=\"description\" content=\"Des Solutions qui Connectent vos Projets. Audiovisuel, Informatique et T\u00e9l\u00e9coms en Nouvelle Cal\u00e9donie, o\u00f9 nous sommes bas\u00e9s, dans le reste de l\u2019Oc\u00e9anie et m\u00eame au del\u00e0 du Pacifique.\" \/>\n<meta name=\"robots\" content=\"index, follow, max-snippet:-1, max-image-preview:large, max-video-preview:-1\" \/>\n<link rel=\"canonical\" href=\"https:\/\/www.miseopoint.net\/en\/references\/\" \/>\n<meta property=\"og:locale\" content=\"en_US\" \/>\n<meta property=\"og:type\" content=\"article\" \/>\n<meta property=\"og:title\" content=\"R\u00e9f\u00e9rences - MiseOpoint\" \/>\n<meta property=\"og:description\" content=\"Des Solutions qui Connectent vos Projets. Audiovisuel, Informatique et T\u00e9l\u00e9coms en Nouvelle Cal\u00e9donie, o\u00f9 nous sommes bas\u00e9s, dans le reste de l\u2019Oc\u00e9anie et m\u00eame au del\u00e0 du Pacifique.\" \/>\n<meta property=\"og:url\" content=\"https:\/\/www.miseopoint.net\/en\/references\/\" \/>\n<meta property=\"og:site_name\" content=\"MiseOpoint\" \/>\n<meta property=\"article:modified_time\" content=\"2026-04-23T12:59:29+00:00\" \/>\n<meta property=\"og:image\" content=\"https:\/\/www.miseopoint.net\/wp-content\/uploads\/2026\/02\/ABC.jpg\" \/>\n\t<meta property=\"og:image:width\" content=\"200\" \/>\n\t<meta property=\"og:image:height\" content=\"133\" \/>\n\t<meta property=\"og:image:type\" content=\"image\/jpeg\" \/>\n<meta name=\"twitter:card\" content=\"summary_large_image\" \/>\n<meta name=\"twitter:label1\" content=\"Est. reading time\" \/>\n\t<meta name=\"twitter:data1\" content=\"1 minute\" \/>\n<script type=\"application\/ld+json\" class=\"yoast-schema-graph\">{\"@context\":\"https:\\\/\\\/schema.org\",\"@graph\":[{\"@type\":\"WebPage\",\"@id\":\"https:\\\/\\\/www.miseopoint.net\\\/references\\\/\",\"url\":\"https:\\\/\\\/www.miseopoint.net\\\/references\\\/\",\"name\":\"R\u00e9f\u00e9rences - MiseOpoint\",\"isPartOf\":{\"@id\":\"https:\\\/\\\/www.miseopoint.net\\\/#website\"},\"primaryImageOfPage\":{\"@id\":\"https:\\\/\\\/www.miseopoint.net\\\/references\\\/#primaryimage\"},\"image\":{\"@id\":\"https:\\\/\\\/www.miseopoint.net\\\/references\\\/#primaryimage\"},\"thumbnailUrl\":\"https:\\\/\\\/www.miseopoint.net\\\/wp-content\\\/uploads\\\/2026\\\/02\\\/ABC.jpg\",\"datePublished\":\"2026-02-15T02:23:56+00:00\",\"dateModified\":\"2026-04-23T12:59:29+00:00\",\"description\":\"Des Solutions qui Connectent vos Projets. Audiovisuel, Informatique et T\u00e9l\u00e9coms en Nouvelle Cal\u00e9donie, o\u00f9 nous sommes bas\u00e9s, dans le reste de l\u2019Oc\u00e9anie et m\u00eame au del\u00e0 du Pacifique.\",\"breadcrumb\":{\"@id\":\"https:\\\/\\\/www.miseopoint.net\\\/references\\\/#breadcrumb\"},\"inLanguage\":\"en-US\",\"potentialAction\":[{\"@type\":\"ReadAction\",\"target\":[\"https:\\\/\\\/www.miseopoint.net\\\/references\\\/\"]}]},{\"@type\":\"ImageObject\",\"inLanguage\":\"en-US\",\"@id\":\"https:\\\/\\\/www.miseopoint.net\\\/references\\\/#primaryimage\",\"url\":\"https:\\\/\\\/www.miseopoint.net\\\/wp-content\\\/uploads\\\/2026\\\/02\\\/ABC.jpg\",\"contentUrl\":\"https:\\\/\\\/www.miseopoint.net\\\/wp-content\\\/uploads\\\/2026\\\/02\\\/ABC.jpg\"},{\"@type\":\"BreadcrumbList\",\"@id\":\"https:\\\/\\\/www.miseopoint.net\\\/references\\\/#breadcrumb\",\"itemListElement\":[{\"@type\":\"ListItem\",\"position\":1,\"name\":\"Accueil\",\"item\":\"https:\\\/\\\/www.miseopoint.net\\\/\"},{\"@type\":\"ListItem\",\"position\":2,\"name\":\"R\u00e9f\u00e9rences\"}]},{\"@type\":\"WebSite\",\"@id\":\"https:\\\/\\\/www.miseopoint.net\\\/#website\",\"url\":\"https:\\\/\\\/www.miseopoint.net\\\/\",\"name\":\"MiseOpoint\",\"description\":\"\",\"publisher\":{\"@id\":\"https:\\\/\\\/www.miseopoint.net\\\/#organization\"},\"potentialAction\":[{\"@type\":\"SearchAction\",\"target\":{\"@type\":\"EntryPoint\",\"urlTemplate\":\"https:\\\/\\\/www.miseopoint.net\\\/?s={search_term_string}\"},\"query-input\":{\"@type\":\"PropertyValueSpecification\",\"valueRequired\":true,\"valueName\":\"search_term_string\"}}],\"inLanguage\":\"en-US\"},{\"@type\":\"Organization\",\"@id\":\"https:\\\/\\\/www.miseopoint.net\\\/#organization\",\"name\":\"MiseOpoint\",\"url\":\"https:\\\/\\\/www.miseopoint.net\\\/\",\"logo\":{\"@type\":\"ImageObject\",\"inLanguage\":\"en-US\",\"@id\":\"https:\\\/\\\/www.miseopoint.net\\\/#\\\/schema\\\/logo\\\/image\\\/\",\"url\":\"https:\\\/\\\/www.miseopoint.net\\\/wp-content\\\/uploads\\\/2026\\\/02\\\/MiseOpointsimple.gif\",\"contentUrl\":\"https:\\\/\\\/www.miseopoint.net\\\/wp-content\\\/uploads\\\/2026\\\/02\\\/MiseOpointsimple.gif\",\"width\":807,\"height\":174,\"caption\":\"MiseOpoint\"},\"image\":{\"@id\":\"https:\\\/\\\/www.miseopoint.net\\\/#\\\/schema\\\/logo\\\/image\\\/\"}}]}<\/script>\n<!-- \/ Yoast SEO plugin. -->","yoast_head_json":{"title":"R\u00e9f\u00e9rences - MiseOpoint","description":"Des Solutions qui Connectent vos Projets. Audiovisuel, Informatique et T\u00e9l\u00e9coms en Nouvelle Cal\u00e9donie, o\u00f9 nous sommes bas\u00e9s, dans le reste de l\u2019Oc\u00e9anie et m\u00eame au del\u00e0 du Pacifique.","robots":{"index":"index","follow":"follow","max-snippet":"max-snippet:-1","max-image-preview":"max-image-preview:large","max-video-preview":"max-video-preview:-1"},"canonical":"https:\/\/www.miseopoint.net\/en\/references\/","og_locale":"en_US","og_type":"article","og_title":"R\u00e9f\u00e9rences - MiseOpoint","og_description":"Des Solutions qui Connectent vos Projets. Audiovisuel, Informatique et T\u00e9l\u00e9coms en Nouvelle Cal\u00e9donie, o\u00f9 nous sommes bas\u00e9s, dans le reste de l\u2019Oc\u00e9anie et m\u00eame au del\u00e0 du Pacifique.","og_url":"https:\/\/www.miseopoint.net\/en\/references\/","og_site_name":"MiseOpoint","article_modified_time":"2026-04-23T12:59:29+00:00","og_image":[{"width":200,"height":133,"url":"https:\/\/www.miseopoint.net\/wp-content\/uploads\/2026\/02\/ABC.jpg","type":"image\/jpeg"}],"twitter_card":"summary_large_image","twitter_misc":{"Est. reading time":"1 minute"},"schema":{"@context":"https:\/\/schema.org","@graph":[{"@type":"WebPage","@id":"https:\/\/www.miseopoint.net\/references\/","url":"https:\/\/www.miseopoint.net\/references\/","name":"R\u00e9f\u00e9rences - MiseOpoint","isPartOf":{"@id":"https:\/\/www.miseopoint.net\/#website"},"primaryImageOfPage":{"@id":"https:\/\/www.miseopoint.net\/references\/#primaryimage"},"image":{"@id":"https:\/\/www.miseopoint.net\/references\/#primaryimage"},"thumbnailUrl":"https:\/\/www.miseopoint.net\/wp-content\/uploads\/2026\/02\/ABC.jpg","datePublished":"2026-02-15T02:23:56+00:00","dateModified":"2026-04-23T12:59:29+00:00","description":"Des Solutions qui Connectent vos Projets. Audiovisuel, Informatique et T\u00e9l\u00e9coms en Nouvelle Cal\u00e9donie, o\u00f9 nous sommes bas\u00e9s, dans le reste de l\u2019Oc\u00e9anie et m\u00eame au del\u00e0 du Pacifique.","breadcrumb":{"@id":"https:\/\/www.miseopoint.net\/references\/#breadcrumb"},"inLanguage":"en-US","potentialAction":[{"@type":"ReadAction","target":["https:\/\/www.miseopoint.net\/references\/"]}]},{"@type":"ImageObject","inLanguage":"en-US","@id":"https:\/\/www.miseopoint.net\/references\/#primaryimage","url":"https:\/\/www.miseopoint.net\/wp-content\/uploads\/2026\/02\/ABC.jpg","contentUrl":"https:\/\/www.miseopoint.net\/wp-content\/uploads\/2026\/02\/ABC.jpg"},{"@type":"BreadcrumbList","@id":"https:\/\/www.miseopoint.net\/references\/#breadcrumb","itemListElement":[{"@type":"ListItem","position":1,"name":"Accueil","item":"https:\/\/www.miseopoint.net\/"},{"@type":"ListItem","position":2,"name":"R\u00e9f\u00e9rences"}]},{"@type":"WebSite","@id":"https:\/\/www.miseopoint.net\/#website","url":"https:\/\/www.miseopoint.net\/","name":"MiseOpoint","description":"","publisher":{"@id":"https:\/\/www.miseopoint.net\/#organization"},"potentialAction":[{"@type":"SearchAction","target":{"@type":"EntryPoint","urlTemplate":"https:\/\/www.miseopoint.net\/?s={search_term_string}"},"query-input":{"@type":"PropertyValueSpecification","valueRequired":true,"valueName":"search_term_string"}}],"inLanguage":"en-US"},{"@type":"Organization","@id":"https:\/\/www.miseopoint.net\/#organization","name":"MiseOpoint","url":"https:\/\/www.miseopoint.net\/","logo":{"@type":"ImageObject","inLanguage":"en-US","@id":"https:\/\/www.miseopoint.net\/#\/schema\/logo\/image\/","url":"https:\/\/www.miseopoint.net\/wp-content\/uploads\/2026\/02\/MiseOpointsimple.gif","contentUrl":"https:\/\/www.miseopoint.net\/wp-content\/uploads\/2026\/02\/MiseOpointsimple.gif","width":807,"height":174,"caption":"MiseOpoint"},"image":{"@id":"https:\/\/www.miseopoint.net\/#\/schema\/logo\/image\/"}}]}},"_links":{"self":[{"href":"https:\/\/www.miseopoint.net\/en\/wp-json\/wp\/v2\/pages\/22","targetHints":{"allow":["GET"]}}],"collection":[{"href":"https:\/\/www.miseopoint.net\/en\/wp-json\/wp\/v2\/pages"}],"about":[{"href":"https:\/\/www.miseopoint.net\/en\/wp-json\/wp\/v2\/types\/page"}],"author":[{"embeddable":true,"href":"https:\/\/www.miseopoint.net\/en\/wp-json\/wp\/v2\/users\/2"}],"replies":[{"embeddable":true,"href":"https:\/\/www.miseopoint.net\/en\/wp-json\/wp\/v2\/comments?post=22"}],"version-history":[{"count":34,"href":"https:\/\/www.miseopoint.net\/en\/wp-json\/wp\/v2\/pages\/22\/revisions"}],"predecessor-version":[{"id":850,"href":"https:\/\/www.miseopoint.net\/en\/wp-json\/wp\/v2\/pages\/22\/revisions\/850"}],"wp:attachment":[{"href":"https:\/\/www.miseopoint.net\/en\/wp-json\/wp\/v2\/media?parent=22"}],"curies":[{"name":"wp","href":"https:\/\/api.w.org\/{rel}","templated":true}]}}