{"id":14,"date":"2026-02-15T03:22:52","date_gmt":"2026-02-15T02:22:52","guid":{"rendered":"https:\/\/miseopoint.net\/TEST\/?page_id=14"},"modified":"2026-04-23T17:17:36","modified_gmt":"2026-04-23T15:17:36","slug":"a-propos","status":"publish","type":"page","link":"https:\/\/www.miseopoint.net\/en\/a-propos\/","title":{"rendered":"About"},"content":{"rendered":"<div data-elementor-type=\"wp-page\" data-elementor-id=\"14\" class=\"elementor elementor-14\" data-elementor-post-type=\"page\">\n\t\t\t\t<div class=\"elementor-element elementor-element-832ce1d e-flex e-con-boxed e-con e-parent\" data-id=\"832ce1d\" data-element_type=\"container\" data-e-type=\"container\" data-settings=\"{&quot;background_background&quot;:&quot;classic&quot;}\">\n\t\t\t\t\t<div class=\"e-con-inner\">\n\t\t\t\t<div class=\"elementor-element elementor-element-a6c3faa elementor-widget elementor-widget-heading\" data-id=\"a6c3faa\" data-element_type=\"widget\" data-e-type=\"widget\" data-widget_type=\"heading.default\">\n\t\t\t\t\t<h2 class=\"elementor-heading-title elementor-size-default\">About<\/h2>\t\t\t\t<\/div>\n\t\t\t\t<div class=\"elementor-element elementor-element-533bae3 elementor-widget elementor-widget-text-editor\" data-id=\"533bae3\" data-element_type=\"widget\" data-e-type=\"widget\" data-widget_type=\"text-editor.default\">\n\t\t\t\t\t\t\t\t\t<a href=\"https:\/\/www.miseopoint.net\/en\/\">Home<\/a> \u2013 About\t\t\t\t\t\t\t\t<\/div>\n\t\t\t\t\t<\/div>\n\t\t\t\t<\/div>\n\t\t<div class=\"elementor-element elementor-element-248ac87 e-flex e-con-boxed e-con e-parent\" data-id=\"248ac87\" data-element_type=\"container\" data-e-type=\"container\">\n\t\t\t\t\t<div class=\"e-con-inner\">\n\t\t<div class=\"elementor-element elementor-element-e2c4bc0 e-con-full e-flex e-con e-child\" data-id=\"e2c4bc0\" data-element_type=\"container\" data-e-type=\"container\" data-settings=\"{&quot;background_background&quot;:&quot;classic&quot;}\">\n\t\t\t\t<\/div>\n\t\t<div class=\"elementor-element elementor-element-79fb621 e-con-full e-flex e-con e-child\" data-id=\"79fb621\" data-element_type=\"container\" data-e-type=\"container\">\n\t\t\t\t<div class=\"elementor-element elementor-element-9199ebf elementor-invisible elementor-widget elementor-widget-heading\" data-id=\"9199ebf\" data-element_type=\"widget\" data-e-type=\"widget\" data-settings=\"{&quot;_animation&quot;:&quot;fadeInUp&quot;}\" data-widget_type=\"heading.default\">\n\t\t\t\t\t<h6 class=\"elementor-heading-title elementor-size-default\"><span class=\"notranslate\">MISE O POINT<\/span><\/h6>\t\t\t\t<\/div>\n\t\t\t\t<div class=\"elementor-element elementor-element-e3a5687 elementor-invisible elementor-widget elementor-widget-heading\" data-id=\"e3a5687\" data-element_type=\"widget\" data-e-type=\"widget\" data-settings=\"{&quot;_animation&quot;:&quot;fadeInUp&quot;}\" data-widget_type=\"heading.default\">\n\t\t\t\t\t<h3 class=\"elementor-heading-title elementor-size-default\">Who are we?<\/h3>\t\t\t\t<\/div>\n\t\t<div class=\"elementor-element elementor-element-4f8da40 e-con-full e-flex e-con e-child\" data-id=\"4f8da40\" data-element_type=\"container\" data-e-type=\"container\">\n\t\t<div class=\"elementor-element elementor-element-f7f54b2 e-con-full e-flex e-con e-child\" data-id=\"f7f54b2\" data-element_type=\"container\" data-e-type=\"container\" data-settings=\"{&quot;background_background&quot;:&quot;classic&quot;}\">\n\t\t\t\t<\/div>\n\t\t<div class=\"elementor-element elementor-element-5842a0a e-con-full e-flex e-con e-child\" data-id=\"5842a0a\" data-element_type=\"container\" data-e-type=\"container\">\n\t\t\t\t<div class=\"elementor-element elementor-element-fc7b5f4 elementor-widget elementor-widget-text-editor\" data-id=\"fc7b5f4\" data-element_type=\"widget\" data-e-type=\"widget\" data-widget_type=\"text-editor.default\">\n\t\t\t\t\t\t\t\t\t<p data-start=\"235\" data-end=\"362\"><strong data-start=\"235\" data-end=\"251\">MISE O POINT<\/strong> supports businesses and institutions in their <strong data-start=\"318\" data-end=\"361\">Audiovisual, Broadcast, IT and Telecom projects<\/strong>.<\/p><p data-start=\"364\" data-end=\"599\">Based in <strong data-start=\"373\" data-end=\"395\">New Caledonia<\/strong>, our company operates locally as well as throughout the<strong data-start=\"469\" data-end=\"480\">Oceania region<\/strong> and beyond <strong data-start=\"495\" data-end=\"508\">the Pacific<\/strong>, thanks to our solid technical expertise and in-depth knowledge of the field.<\/p><p data-start=\"601\" data-end=\"798\">We are offering <strong data-start=\"620\" data-end=\"666\">a full range of services and solutions<\/strong>, from planning to implementation, to ensure the success of your projects, regardless of their scope or environment.<\/p><p data-start=\"800\" data-end=\"960\">At <strong data-start=\"805\" data-end=\"821\">MISE O POINT<\/strong>, we leverage our expertise, responsiveness, and commitment to quality to deliver reliable, high-performance, and sustainable solutions.<\/p>\t\t\t\t\t\t\t\t<\/div>\n\t\t\t\t<\/div>\n\t\t\t\t<\/div>\n\t\t\t\t<\/div>\n\t\t\t\t\t<\/div>\n\t\t\t\t<\/div>\n\t\t<div class=\"elementor-element elementor-element-69e152a e-flex e-con-boxed e-con e-parent\" data-id=\"69e152a\" data-element_type=\"container\" data-e-type=\"container\" data-settings=\"{&quot;background_background&quot;:&quot;classic&quot;}\">\n\t\t\t\t\t<div class=\"e-con-inner\">\n\t\t\t\t<div class=\"elementor-element elementor-element-599c6e6 elementor-invisible elementor-widget elementor-widget-heading\" data-id=\"599c6e6\" data-element_type=\"widget\" data-e-type=\"widget\" data-settings=\"{&quot;_animation&quot;:&quot;fadeInUp&quot;}\" data-widget_type=\"heading.default\">\n\t\t\t\t\t<h6 class=\"elementor-heading-title elementor-size-default\"><span class=\"notranslate\">MISE O POINT<\/span><\/h6>\t\t\t\t<\/div>\n\t\t\t\t<div class=\"elementor-element elementor-element-742452f elementor-invisible elementor-widget elementor-widget-heading\" data-id=\"742452f\" data-element_type=\"widget\" data-e-type=\"widget\" data-settings=\"{&quot;_animation&quot;:&quot;fadeInUp&quot;}\" data-widget_type=\"heading.default\">\n\t\t\t\t\t<h3 class=\"elementor-heading-title elementor-size-default\">Let\u2019s work together on your project<\/h3>\t\t\t\t<\/div>\n\t\t<div class=\"elementor-element elementor-element-8400e36 e-con-full e-flex e-con e-child\" data-id=\"8400e36\" data-element_type=\"container\" data-e-type=\"container\">\n\t\t\t\t<div class=\"elementor-element elementor-element-e9197e4 elementor-widget elementor-widget-button\" data-id=\"e9197e4\" data-element_type=\"widget\" data-e-type=\"widget\" data-widget_type=\"button.default\">\n\t\t\t\t\t\t\t\t\t\t<a class=\"elementor-button elementor-button-link elementor-size-sm elementor-animation-shrink\" href=\"https:\/\/www.miseopoint.net\/en\/contact\/\">\n\t\t\t\t\t\t<span class=\"elementor-button-content-wrapper\">\n\t\t\t\t\t\t\t\t\t<span class=\"elementor-button-text\">Contact Us<\/span>\n\t\t\t\t\t<\/span>\n\t\t\t\t\t<\/a>\n\t\t\t\t\t\t\t\t<\/div>\n\t\t\t\t<\/div>\n\t\t\t\t\t<\/div>\n\t\t\t\t<\/div>\n\t\t\t\t<\/div>","protected":false},"excerpt":{"rendered":"<p>\u00c0 propos Accueil &#8211; \u00c0 propos MISE O POINT Qui sommes-nous MISE O POINT accompagne les entreprises et les institutions dans leurs projets audiovisuels, Broadcast,informatiques et t\u00e9l\u00e9coms. Bas\u00e9e en Nouvelle-Cal\u00e9donie, notre soci\u00e9t\u00e9 intervient localement mais \u00e9galement dans l\u2019ensemble de l\u2019Oc\u00e9anie et au-del\u00e0 du Pacifique, en s\u2019appuyant sur une expertise technique solide et une parfaite connaissance [&hellip;]<\/p>\n","protected":false},"author":2,"featured_media":0,"parent":0,"menu_order":0,"comment_status":"closed","ping_status":"closed","template":"elementor_header_footer","meta":{"footnotes":""},"class_list":["post-14","page","type-page","status-publish","hentry"],"yoast_head":"<!-- This site is optimized with the Yoast SEO plugin v27.4 - https:\/\/yoast.com\/product\/yoast-seo-wordpress\/ -->\n<title>\u00c0 propos - MiseOpoint<\/title>\n<meta name=\"description\" content=\"Des Solutions qui Connectent vos Projets. Audiovisuel, Informatique et T\u00e9l\u00e9coms en Nouvelle Cal\u00e9donie, o\u00f9 nous sommes bas\u00e9s, dans le reste de l\u2019Oc\u00e9anie et m\u00eame au del\u00e0 du Pacifique.\" \/>\n<meta name=\"robots\" content=\"index, follow, max-snippet:-1, max-image-preview:large, max-video-preview:-1\" \/>\n<link rel=\"canonical\" href=\"https:\/\/www.miseopoint.net\/en\/a-propos\/\" \/>\n<meta property=\"og:locale\" content=\"en_US\" \/>\n<meta property=\"og:type\" content=\"article\" \/>\n<meta property=\"og:title\" content=\"\u00c0 propos - MiseOpoint\" \/>\n<meta property=\"og:description\" content=\"Des Solutions qui Connectent vos Projets. Audiovisuel, Informatique et T\u00e9l\u00e9coms en Nouvelle Cal\u00e9donie, o\u00f9 nous sommes bas\u00e9s, dans le reste de l\u2019Oc\u00e9anie et m\u00eame au del\u00e0 du Pacifique.\" \/>\n<meta property=\"og:url\" content=\"https:\/\/www.miseopoint.net\/en\/a-propos\/\" \/>\n<meta property=\"og:site_name\" content=\"MiseOpoint\" \/>\n<meta property=\"article:modified_time\" content=\"2026-04-23T15:17:36+00:00\" \/>\n<meta name=\"twitter:card\" content=\"summary_large_image\" \/>\n<meta name=\"twitter:label1\" content=\"Est. reading time\" \/>\n\t<meta name=\"twitter:data1\" content=\"1 minute\" \/>\n<script type=\"application\/ld+json\" class=\"yoast-schema-graph\">{\"@context\":\"https:\\\/\\\/schema.org\",\"@graph\":[{\"@type\":\"WebPage\",\"@id\":\"https:\\\/\\\/www.miseopoint.net\\\/a-propos\\\/\",\"url\":\"https:\\\/\\\/www.miseopoint.net\\\/a-propos\\\/\",\"name\":\"\u00c0 propos - MiseOpoint\",\"isPartOf\":{\"@id\":\"https:\\\/\\\/www.miseopoint.net\\\/#website\"},\"datePublished\":\"2026-02-15T02:22:52+00:00\",\"dateModified\":\"2026-04-23T15:17:36+00:00\",\"description\":\"Des Solutions qui Connectent vos Projets. Audiovisuel, Informatique et T\u00e9l\u00e9coms en Nouvelle Cal\u00e9donie, o\u00f9 nous sommes bas\u00e9s, dans le reste de l\u2019Oc\u00e9anie et m\u00eame au del\u00e0 du Pacifique.\",\"breadcrumb\":{\"@id\":\"https:\\\/\\\/www.miseopoint.net\\\/a-propos\\\/#breadcrumb\"},\"inLanguage\":\"en-US\",\"potentialAction\":[{\"@type\":\"ReadAction\",\"target\":[\"https:\\\/\\\/www.miseopoint.net\\\/a-propos\\\/\"]}]},{\"@type\":\"BreadcrumbList\",\"@id\":\"https:\\\/\\\/www.miseopoint.net\\\/a-propos\\\/#breadcrumb\",\"itemListElement\":[{\"@type\":\"ListItem\",\"position\":1,\"name\":\"Accueil\",\"item\":\"https:\\\/\\\/www.miseopoint.net\\\/\"},{\"@type\":\"ListItem\",\"position\":2,\"name\":\"\u00c0 propos\"}]},{\"@type\":\"WebSite\",\"@id\":\"https:\\\/\\\/www.miseopoint.net\\\/#website\",\"url\":\"https:\\\/\\\/www.miseopoint.net\\\/\",\"name\":\"MiseOpoint\",\"description\":\"\",\"publisher\":{\"@id\":\"https:\\\/\\\/www.miseopoint.net\\\/#organization\"},\"potentialAction\":[{\"@type\":\"SearchAction\",\"target\":{\"@type\":\"EntryPoint\",\"urlTemplate\":\"https:\\\/\\\/www.miseopoint.net\\\/?s={search_term_string}\"},\"query-input\":{\"@type\":\"PropertyValueSpecification\",\"valueRequired\":true,\"valueName\":\"search_term_string\"}}],\"inLanguage\":\"en-US\"},{\"@type\":\"Organization\",\"@id\":\"https:\\\/\\\/www.miseopoint.net\\\/#organization\",\"name\":\"MiseOpoint\",\"url\":\"https:\\\/\\\/www.miseopoint.net\\\/\",\"logo\":{\"@type\":\"ImageObject\",\"inLanguage\":\"en-US\",\"@id\":\"https:\\\/\\\/www.miseopoint.net\\\/#\\\/schema\\\/logo\\\/image\\\/\",\"url\":\"https:\\\/\\\/www.miseopoint.net\\\/wp-content\\\/uploads\\\/2026\\\/02\\\/MiseOpointsimple.gif\",\"contentUrl\":\"https:\\\/\\\/www.miseopoint.net\\\/wp-content\\\/uploads\\\/2026\\\/02\\\/MiseOpointsimple.gif\",\"width\":807,\"height\":174,\"caption\":\"MiseOpoint\"},\"image\":{\"@id\":\"https:\\\/\\\/www.miseopoint.net\\\/#\\\/schema\\\/logo\\\/image\\\/\"}}]}<\/script>\n<!-- \/ Yoast SEO plugin. -->","yoast_head_json":{"title":"About - Mise O Point","description":"Des Solutions qui Connectent vos Projets. Audiovisuel, Informatique et T\u00e9l\u00e9coms en Nouvelle Cal\u00e9donie, o\u00f9 nous sommes bas\u00e9s, dans le reste de l\u2019Oc\u00e9anie et m\u00eame au del\u00e0 du Pacifique.","robots":{"index":"index","follow":"follow","max-snippet":"max-snippet:-1","max-image-preview":"max-image-preview:large","max-video-preview":"max-video-preview:-1"},"canonical":"https:\/\/www.miseopoint.net\/en\/a-propos\/","og_locale":"en_US","og_type":"article","og_title":"\u00c0 propos - MiseOpoint","og_description":"Des Solutions qui Connectent vos Projets. Audiovisuel, Informatique et T\u00e9l\u00e9coms en Nouvelle Cal\u00e9donie, o\u00f9 nous sommes bas\u00e9s, dans le reste de l\u2019Oc\u00e9anie et m\u00eame au del\u00e0 du Pacifique.","og_url":"https:\/\/www.miseopoint.net\/en\/a-propos\/","og_site_name":"MiseOpoint","article_modified_time":"2026-04-23T15:17:36+00:00","twitter_card":"summary_large_image","twitter_misc":{"Est. reading time":"1 minute"},"schema":{"@context":"https:\/\/schema.org","@graph":[{"@type":"WebPage","@id":"https:\/\/www.miseopoint.net\/a-propos\/","url":"https:\/\/www.miseopoint.net\/a-propos\/","name":"About - Mise O Point","isPartOf":{"@id":"https:\/\/www.miseopoint.net\/#website"},"datePublished":"2026-02-15T02:22:52+00:00","dateModified":"2026-04-23T15:17:36+00:00","description":"Des Solutions qui Connectent vos Projets. Audiovisuel, Informatique et T\u00e9l\u00e9coms en Nouvelle Cal\u00e9donie, o\u00f9 nous sommes bas\u00e9s, dans le reste de l\u2019Oc\u00e9anie et m\u00eame au del\u00e0 du Pacifique.","breadcrumb":{"@id":"https:\/\/www.miseopoint.net\/a-propos\/#breadcrumb"},"inLanguage":"en-US","potentialAction":[{"@type":"ReadAction","target":["https:\/\/www.miseopoint.net\/a-propos\/"]}]},{"@type":"BreadcrumbList","@id":"https:\/\/www.miseopoint.net\/a-propos\/#breadcrumb","itemListElement":[{"@type":"ListItem","position":1,"name":"Accueil","item":"https:\/\/www.miseopoint.net\/"},{"@type":"ListItem","position":2,"name":"\u00c0 propos"}]},{"@type":"WebSite","@id":"https:\/\/www.miseopoint.net\/#website","url":"https:\/\/www.miseopoint.net\/","name":"MiseOpoint","description":"","publisher":{"@id":"https:\/\/www.miseopoint.net\/#organization"},"potentialAction":[{"@type":"SearchAction","target":{"@type":"EntryPoint","urlTemplate":"https:\/\/www.miseopoint.net\/?s={search_term_string}"},"query-input":{"@type":"PropertyValueSpecification","valueRequired":true,"valueName":"search_term_string"}}],"inLanguage":"en-US"},{"@type":"Organization","@id":"https:\/\/www.miseopoint.net\/#organization","name":"MiseOpoint","url":"https:\/\/www.miseopoint.net\/","logo":{"@type":"ImageObject","inLanguage":"en-US","@id":"https:\/\/www.miseopoint.net\/#\/schema\/logo\/image\/","url":"https:\/\/www.miseopoint.net\/wp-content\/uploads\/2026\/02\/MiseOpointsimple.gif","contentUrl":"https:\/\/www.miseopoint.net\/wp-content\/uploads\/2026\/02\/MiseOpointsimple.gif","width":807,"height":174,"caption":"MiseOpoint"},"image":{"@id":"https:\/\/www.miseopoint.net\/#\/schema\/logo\/image\/"}}]}},"_links":{"self":[{"href":"https:\/\/www.miseopoint.net\/en\/wp-json\/wp\/v2\/pages\/14","targetHints":{"allow":["GET"]}}],"collection":[{"href":"https:\/\/www.miseopoint.net\/en\/wp-json\/wp\/v2\/pages"}],"about":[{"href":"https:\/\/www.miseopoint.net\/en\/wp-json\/wp\/v2\/types\/page"}],"author":[{"embeddable":true,"href":"https:\/\/www.miseopoint.net\/en\/wp-json\/wp\/v2\/users\/2"}],"replies":[{"embeddable":true,"href":"https:\/\/www.miseopoint.net\/en\/wp-json\/wp\/v2\/comments?post=14"}],"version-history":[{"count":25,"href":"https:\/\/www.miseopoint.net\/en\/wp-json\/wp\/v2\/pages\/14\/revisions"}],"predecessor-version":[{"id":884,"href":"https:\/\/www.miseopoint.net\/en\/wp-json\/wp\/v2\/pages\/14\/revisions\/884"}],"wp:attachment":[{"href":"https:\/\/www.miseopoint.net\/en\/wp-json\/wp\/v2\/media?parent=14"}],"curies":[{"name":"wp","href":"https:\/\/api.w.org\/{rel}","templated":true}]}}